{"id":1891,"date":"2023-01-22T19:51:50","date_gmt":"2023-01-22T19:51:50","guid":{"rendered":"https:\/\/tennisclubsaintpriest.fr\/tcsp2\/?page_id=1891"},"modified":"2023-05-31T21:00:12","modified_gmt":"2023-05-31T21:00:12","slug":"revue-de-presse","status":"publish","type":"page","link":"https:\/\/tennisclubsaintpriest.fr\/tcsp2\/revue-de-presse\/","title":{"rendered":"Revue de presse"},"content":{"rendered":"\n<figure class=\"wp-block-table aligncenter has-medium-font-size\"><table><tbody><tr><td>Le progr\u00e8s 07\/04\/2023<br><a href=\"https:\/\/tennisclubsaintpriest.fr\/tcsp2\/wp-content\/uploads\/2023\/04\/alex_ruscica_07_04_2023.pdf\">Alexandre Ruscica m\u00e9daill\u00e9 de bronze aux mondiaux de tennis en plus de 35 ans<\/a><br><\/td><td><a href=\"https:\/\/tennisclubsaintpriest.fr\/tcsp2\/wp-content\/uploads\/2023\/04\/alex_ruscica_07_04_2023.jpg\"><img decoding=\"async\" width=\"279\" height=\"179\" class=\"wp-image-3589\" style=\"width: 279px;\" src=\"https:\/\/tennisclubsaintpriest.fr\/tcsp2\/wp-content\/uploads\/2023\/04\/alex_ruscica_07_04_2023.jpg\" alt=\"\" srcset=\"https:\/\/tennisclubsaintpriest.fr\/tcsp2\/wp-content\/uploads\/2023\/04\/alex_ruscica_07_04_2023.jpg 2055w, https:\/\/tennisclubsaintpriest.fr\/tcsp2\/wp-content\/uploads\/2023\/04\/alex_ruscica_07_04_2023-300x193.jpg 300w, https:\/\/tennisclubsaintpriest.fr\/tcsp2\/wp-content\/uploads\/2023\/04\/alex_ruscica_07_04_2023-1024x659.jpg 1024w, https:\/\/tennisclubsaintpriest.fr\/tcsp2\/wp-content\/uploads\/2023\/04\/alex_ruscica_07_04_2023-768x494.jpg 768w, https:\/\/tennisclubsaintpriest.fr\/tcsp2\/wp-content\/uploads\/2023\/04\/alex_ruscica_07_04_2023-1536x988.jpg 1536w, https:\/\/tennisclubsaintpriest.fr\/tcsp2\/wp-content\/uploads\/2023\/04\/alex_ruscica_07_04_2023-2048x1317.jpg 2048w, https:\/\/tennisclubsaintpriest.fr\/tcsp2\/wp-content\/uploads\/2023\/04\/alex_ruscica_07_04_2023-1140x733.jpg 1140w\" sizes=\"(max-width: 279px) 100vw, 279px\" \/><\/a><\/td><\/tr><tr><td>22\/03\/2023 <br><a href=\"https:\/\/tennisclubsaintpriest.fr\/tcsp2\/wp-content\/uploads\/2023\/03\/2023_alex-ruscica_equipe-france.pdf\" data-type=\"URL\" data-id=\"https:\/\/tennisclubsaintpriest.fr\/tcsp2\/wp-content\/uploads\/2023\/03\/2023_alex-ruscica_equipe-france.pdf\">Alexandre Ruscica (TC Saint-Priest) jouera pour le bronze au mondial des + de 35 ans<\/a><br>Samir Bouajaj mentionn\u00e9.<\/td><td>           <a href=\"https:\/\/tennisclubsaintpriest.fr\/tcsp2\/wp-content\/uploads\/2023\/03\/alexandre-ruscica_equipe_de_francejpg.jpg\" data-type=\"URL\" data-id=\"https:\/\/tennisclubsaintpriest.fr\/tcsp2\/wp-content\/uploads\/2023\/03\/alexandre-ruscica_equipe_de_francejpg.jpg\"><img decoding=\"async\" width=\"150\" height=\"218\" class=\"wp-image-3035\" style=\"width: 150px;\" src=\"https:\/\/tennisclubsaintpriest.fr\/tcsp2\/wp-content\/uploads\/2023\/03\/alexandre-ruscica_equipe_de_francejpg.jpg\" alt=\"\" srcset=\"https:\/\/tennisclubsaintpriest.fr\/tcsp2\/wp-content\/uploads\/2023\/03\/alexandre-ruscica_equipe_de_francejpg.jpg 683w, https:\/\/tennisclubsaintpriest.fr\/tcsp2\/wp-content\/uploads\/2023\/03\/alexandre-ruscica_equipe_de_francejpg-207x300.jpg 207w\" sizes=\"(max-width: 150px) 100vw, 150px\" \/><\/a><\/td><\/tr><tr><td>19\/07\/2022 Le progr\u00e8s : <a href=\"http:\/\/www.tennisclubsaintpriest.fr\/tcsp2\/wp-content\/uploads\/revue_de_presse\/50_ans_tcsp.pdf\" data-type=\"URL\" data-id=\"http:\/\/www.tennisclubsaintpriest.fr\/tcsp2\/wp-content\/uploads\/revue_de_presse\/\/50_ans_tcsp.pdf\" target=\"_blank\" rel=\"noreferrer noopener\">Un demi-si\u00e8cle pour le TCSP<\/a><\/td><td><a href=\"http:\/\/www.tennisclubsaintpriest.fr\/tcsp2\/wp-content\/uploads\/revue_de_presse\/50_ans_tcsp.png\"><img decoding=\"async\" src=\"http:\/\/www.tennisclubsaintpriest.fr\/tcsp\/wp-content\/uploads\/2020\/09\/50_ans_tcsp-239x300.png\" alt=\"\" width=\"239\" height=\"300\"><\/a><\/td><\/tr><tr><td>20\/01\/2022 Le progr\u00e8s : <a href=\"http:\/\/www.tennisclubsaintpriest.fr\/tcsp2\/wp-content\/uploads\/revue_de_presse\/deplacement_thionville.pdf\" data-type=\"URL\" data-id=\"http:\/\/www.tennisclubsaintpriest.fr\/tcsp2\/wp-content\/uploads\/revue_de_presse\/deplacement_thionville.pdf\">Pour un exploit \u00e0 Thionville<\/a><a href=\"http:\/\/www.tennisclubsaintpriest.fr\/tcsp\/wp-content\/uploads\/2022\/01\/deplacement_thionville.pdf\">.<\/a><\/td><td><a href=\"http:\/\/www.tennisclubsaintpriest.fr\/tcsp2\/wp-content\/uploads\/revue_de_presse\/deplacement_thionville.jpg\"><img decoding=\"async\" src=\"http:\/\/www.tennisclubsaintpriest.fr\/tcsp\/wp-content\/uploads\/2022\/01\/deplacement_thionville-300x280.jpg\" alt=\"\" width=\"200\" height=\"187\"><\/a><\/td><\/tr><tr><td>05\/10\/2021 Le progr\u00e8s : <a href=\"http:\/\/www.tennisclubsaintpriest.fr\/tcsp2\/wp-content\/uploads\/revue_de_presse\/tournoi_2022_le_progres.pdf\">Saint-Priest conforte son statut de grand tournoi<\/a> &nbsp;<\/td><td><a href=\"http:\/\/www.tennisclubsaintpriest.fr\/tcsp2\/wp-content\/uploads\/revue_de_presse\/tournoi_2022_le_progres.jpg\" data-type=\"URL\"><img decoding=\"async\" src=\"http:\/\/www.tennisclubsaintpriest.fr\/tcsp\/wp-content\/uploads\/2022\/01\/tournoi_2022_le_progres-244x300.jpg\" alt=\"\" style=\"width: 400px;\"><\/a><\/td><\/tr><tr><td>27\/09\/2020&nbsp; Le progr\u00e8s : <a href=\"http:\/\/www.tennisclubsaintpriest.fr\/tcsp2\/wp-content\/uploads\/revue_de_presse\/tournoi_2021_fin.pdf\">Le tournoi 2021 de Saint-Priest stopp\u00e9 en plein \u00e9lan<\/a><\/td><td><a href=\"http:\/\/www.tennisclubsaintpriest.fr\/tcsp2\/wp-content\/uploads\/revue_de_presse\/tournoi_2021_fin.jpg\"><img decoding=\"async\" src=\"http:\/\/www.tennisclubsaintpriest.fr\/tcsp\/wp-content\/uploads\/2020\/09\/tournoi_2021_fin-300x208.jpg\" alt=\"\" style=\"width: 400px;\"><\/a><\/td><\/tr><\/tbody><\/table><\/figure>\n","protected":false},"excerpt":{"rendered":"<p>Le progr\u00e8s 07\/04\/2023Alexandre Ruscica m\u00e9daill\u00e9 de bronze aux mondiaux de tennis en plus de 35 ans 22\/03\/2023 Alexandre Ruscica (TC Saint-Priest) jouera pour le bronze au mondial des + de 35 ansSamir Bouajaj mentionn\u00e9. 19\/07\/2022 Le progr\u00e8s : Un demi-si\u00e8cle pour le TCSP 20\/01\/2022 Le progr\u00e8s : Pour un exploit \u00e0 Thionville. 05\/10\/2021 Le progr\u00e8s : Saint-Priest conforte son statut de grand tournoi &nbsp; 27\/09\/2020&nbsp; Le progr\u00e8s : Le tournoi 2021 de Saint-Priest stopp\u00e9 en plein \u00e9lan<\/p>\n","protected":false},"author":3,"featured_media":0,"parent":0,"menu_order":0,"comment_status":"closed","ping_status":"closed","template":"","meta":{"_themeisle_gutenberg_block_has_review":false,"footnotes":""},"class_list":["post-1891","page","type-page","status-publish","hentry"],"_links":{"self":[{"href":"https:\/\/tennisclubsaintpriest.fr\/tcsp2\/wp-json\/wp\/v2\/pages\/1891","targetHints":{"allow":["GET"]}}],"collection":[{"href":"https:\/\/tennisclubsaintpriest.fr\/tcsp2\/wp-json\/wp\/v2\/pages"}],"about":[{"href":"https:\/\/tennisclubsaintpriest.fr\/tcsp2\/wp-json\/wp\/v2\/types\/page"}],"author":[{"embeddable":true,"href":"https:\/\/tennisclubsaintpriest.fr\/tcsp2\/wp-json\/wp\/v2\/users\/3"}],"replies":[{"embeddable":true,"href":"https:\/\/tennisclubsaintpriest.fr\/tcsp2\/wp-json\/wp\/v2\/comments?post=1891"}],"version-history":[{"count":11,"href":"https:\/\/tennisclubsaintpriest.fr\/tcsp2\/wp-json\/wp\/v2\/pages\/1891\/revisions"}],"predecessor-version":[{"id":4713,"href":"https:\/\/tennisclubsaintpriest.fr\/tcsp2\/wp-json\/wp\/v2\/pages\/1891\/revisions\/4713"}],"wp:attachment":[{"href":"https:\/\/tennisclubsaintpriest.fr\/tcsp2\/wp-json\/wp\/v2\/media?parent=1891"}],"curies":[{"name":"wp","href":"https:\/\/api.w.org\/{rel}","templated":true}]}}