{"id":2521,"date":"2023-02-23T10:40:43","date_gmt":"2023-02-23T10:40:43","guid":{"rendered":"https:\/\/tennisclubsaintpriest.fr\/tcsp2\/?page_id=2521"},"modified":"2023-02-23T12:28:05","modified_gmt":"2023-02-23T12:28:05","slug":"tennis-sante","status":"publish","type":"page","link":"https:\/\/tennisclubsaintpriest.fr\/tcsp2\/tennis-sante\/","title":{"rendered":"Tennis Sant\u00e9"},"content":{"rendered":"\n<p><\/p>\n\n\n\n<p class=\"has-black-color has-text-color has-medium-font-size\">La pratique sportive b\u00e9n\u00e9fique pour la sant\u00e9 !<\/p>\n\n\n\n<div class=\"wp-block-group\"><div class=\"wp-block-group__inner-container is-layout-constrained wp-block-group-is-layout-constrained\">\n<div class=\"wp-block-columns has-vivid-red-background-color has-background is-layout-flex wp-container-core-columns-is-layout-9d6595d7 wp-block-columns-is-layout-flex\" style=\"font-size:0.5px\">\n<div class=\"wp-block-column has-white-background-color has-background is-layout-flow wp-block-column-is-layout-flow\">\n<figure class=\"wp-block-image size-full\"><img decoding=\"async\" width=\"1000\" height=\"800\" src=\"https:\/\/tennisclubsaintpriest.fr\/tcsp2\/wp-content\/uploads\/2023\/02\/Citation-Voyage-Carre-Gris-et-Blanc-et-Cercle-Rouge1.png\" alt=\"\" class=\"wp-image-2523\" srcset=\"https:\/\/tennisclubsaintpriest.fr\/tcsp2\/wp-content\/uploads\/2023\/02\/Citation-Voyage-Carre-Gris-et-Blanc-et-Cercle-Rouge1.png 1000w, https:\/\/tennisclubsaintpriest.fr\/tcsp2\/wp-content\/uploads\/2023\/02\/Citation-Voyage-Carre-Gris-et-Blanc-et-Cercle-Rouge1-300x240.png 300w, https:\/\/tennisclubsaintpriest.fr\/tcsp2\/wp-content\/uploads\/2023\/02\/Citation-Voyage-Carre-Gris-et-Blanc-et-Cercle-Rouge1-768x614.png 768w\" sizes=\"(max-width: 1000px) 100vw, 1000px\" \/><\/figure>\n<\/div>\n\n\n\n<div class=\"wp-block-column has-white-background-color has-background is-layout-flow wp-block-column-is-layout-flow\">\n<figure class=\"wp-block-image size-full\"><img decoding=\"async\" width=\"1000\" height=\"800\" src=\"https:\/\/tennisclubsaintpriest.fr\/tcsp2\/wp-content\/uploads\/2023\/02\/Citation-Voyage-Carre-Gris-et-Blanc-et-Cercle-Rouge6.png\" alt=\"\" class=\"wp-image-2542\" srcset=\"https:\/\/tennisclubsaintpriest.fr\/tcsp2\/wp-content\/uploads\/2023\/02\/Citation-Voyage-Carre-Gris-et-Blanc-et-Cercle-Rouge6.png 1000w, https:\/\/tennisclubsaintpriest.fr\/tcsp2\/wp-content\/uploads\/2023\/02\/Citation-Voyage-Carre-Gris-et-Blanc-et-Cercle-Rouge6-300x240.png 300w, https:\/\/tennisclubsaintpriest.fr\/tcsp2\/wp-content\/uploads\/2023\/02\/Citation-Voyage-Carre-Gris-et-Blanc-et-Cercle-Rouge6-768x614.png 768w\" sizes=\"(max-width: 1000px) 100vw, 1000px\" \/><\/figure>\n<\/div>\n<\/div>\n\n\n\n<div class=\"wp-block-columns has-vivid-red-background-color has-background is-layout-flex wp-container-core-columns-is-layout-9d6595d7 wp-block-columns-is-layout-flex\" style=\"font-size:0.1px\">\n<div class=\"wp-block-column is-layout-flow wp-block-column-is-layout-flow\">\n<figure class=\"wp-block-image size-full\"><img decoding=\"async\" width=\"1000\" height=\"800\" src=\"https:\/\/tennisclubsaintpriest.fr\/tcsp2\/wp-content\/uploads\/2023\/02\/Citation-Voyage-Carre-Gris-et-Blanc-et-Cercle-Rouge4.png\" alt=\"\" class=\"wp-image-2526\" srcset=\"https:\/\/tennisclubsaintpriest.fr\/tcsp2\/wp-content\/uploads\/2023\/02\/Citation-Voyage-Carre-Gris-et-Blanc-et-Cercle-Rouge4.png 1000w, https:\/\/tennisclubsaintpriest.fr\/tcsp2\/wp-content\/uploads\/2023\/02\/Citation-Voyage-Carre-Gris-et-Blanc-et-Cercle-Rouge4-300x240.png 300w, https:\/\/tennisclubsaintpriest.fr\/tcsp2\/wp-content\/uploads\/2023\/02\/Citation-Voyage-Carre-Gris-et-Blanc-et-Cercle-Rouge4-768x614.png 768w\" sizes=\"(max-width: 1000px) 100vw, 1000px\" \/><\/figure>\n<\/div>\n\n\n\n<div class=\"wp-block-column is-layout-flow wp-block-column-is-layout-flow\">\n<figure class=\"wp-block-image size-full\"><img decoding=\"async\" width=\"1000\" height=\"800\" src=\"https:\/\/tennisclubsaintpriest.fr\/tcsp2\/wp-content\/uploads\/2023\/02\/Citation-Voyage-Carre-Gris-et-Blanc-et-Cercle-Rouge5.png\" alt=\"\" class=\"wp-image-2527\" srcset=\"https:\/\/tennisclubsaintpriest.fr\/tcsp2\/wp-content\/uploads\/2023\/02\/Citation-Voyage-Carre-Gris-et-Blanc-et-Cercle-Rouge5.png 1000w, https:\/\/tennisclubsaintpriest.fr\/tcsp2\/wp-content\/uploads\/2023\/02\/Citation-Voyage-Carre-Gris-et-Blanc-et-Cercle-Rouge5-300x240.png 300w, https:\/\/tennisclubsaintpriest.fr\/tcsp2\/wp-content\/uploads\/2023\/02\/Citation-Voyage-Carre-Gris-et-Blanc-et-Cercle-Rouge5-768x614.png 768w\" sizes=\"(max-width: 1000px) 100vw, 1000px\" \/><\/figure>\n<\/div>\n<\/div>\n<\/div><\/div>\n\n\n\n<h2 class=\"has-text-align-center wp-block-heading\">Notre offre<\/h2>\n\n\n\n<p class=\"has-black-color has-text-color has-medium-font-size\">D\u00e9couvrez notre offre adapt\u00e9 pour les patients souffrant de pathologies chroniques ou personnes \u00e2g\u00e9es.<\/p>\n\n\n<div class=\"wp-block-image\">\n<figure class=\"aligncenter size-large\"><img decoding=\"async\" width=\"724\" height=\"1024\" src=\"https:\/\/tennisclubsaintpriest.fr\/tcsp2\/wp-content\/uploads\/2023\/02\/18C4023A-CF1B-4E7C-AF1D-B8B5A3895ABF-724x1024.png\" alt=\"\" class=\"wp-image-2528\" srcset=\"https:\/\/tennisclubsaintpriest.fr\/tcsp2\/wp-content\/uploads\/2023\/02\/18C4023A-CF1B-4E7C-AF1D-B8B5A3895ABF-724x1024.png 724w, https:\/\/tennisclubsaintpriest.fr\/tcsp2\/wp-content\/uploads\/2023\/02\/18C4023A-CF1B-4E7C-AF1D-B8B5A3895ABF-212x300.png 212w, https:\/\/tennisclubsaintpriest.fr\/tcsp2\/wp-content\/uploads\/2023\/02\/18C4023A-CF1B-4E7C-AF1D-B8B5A3895ABF-768x1086.png 768w, https:\/\/tennisclubsaintpriest.fr\/tcsp2\/wp-content\/uploads\/2023\/02\/18C4023A-CF1B-4E7C-AF1D-B8B5A3895ABF-1087x1536.png 1087w, https:\/\/tennisclubsaintpriest.fr\/tcsp2\/wp-content\/uploads\/2023\/02\/18C4023A-CF1B-4E7C-AF1D-B8B5A3895ABF-1140x1611.png 1140w, https:\/\/tennisclubsaintpriest.fr\/tcsp2\/wp-content\/uploads\/2023\/02\/18C4023A-CF1B-4E7C-AF1D-B8B5A3895ABF.png 1415w\" sizes=\"(max-width: 724px) 100vw, 724px\" \/><\/figure>\n<\/div>","protected":false},"excerpt":{"rendered":"<p>La pratique sportive b\u00e9n\u00e9fique pour la sant\u00e9 ! Notre offre D\u00e9couvrez notre offre adapt\u00e9 pour les patients souffrant de pathologies chroniques ou personnes \u00e2g\u00e9es.<\/p>\n","protected":false},"author":1,"featured_media":2532,"parent":0,"menu_order":0,"comment_status":"closed","ping_status":"closed","template":"","meta":{"_themeisle_gutenberg_block_has_review":false,"footnotes":""},"class_list":["post-2521","page","type-page","status-publish","has-post-thumbnail","hentry"],"_links":{"self":[{"href":"https:\/\/tennisclubsaintpriest.fr\/tcsp2\/wp-json\/wp\/v2\/pages\/2521","targetHints":{"allow":["GET"]}}],"collection":[{"href":"https:\/\/tennisclubsaintpriest.fr\/tcsp2\/wp-json\/wp\/v2\/pages"}],"about":[{"href":"https:\/\/tennisclubsaintpriest.fr\/tcsp2\/wp-json\/wp\/v2\/types\/page"}],"author":[{"embeddable":true,"href":"https:\/\/tennisclubsaintpriest.fr\/tcsp2\/wp-json\/wp\/v2\/users\/1"}],"replies":[{"embeddable":true,"href":"https:\/\/tennisclubsaintpriest.fr\/tcsp2\/wp-json\/wp\/v2\/comments?post=2521"}],"version-history":[{"count":7,"href":"https:\/\/tennisclubsaintpriest.fr\/tcsp2\/wp-json\/wp\/v2\/pages\/2521\/revisions"}],"predecessor-version":[{"id":2543,"href":"https:\/\/tennisclubsaintpriest.fr\/tcsp2\/wp-json\/wp\/v2\/pages\/2521\/revisions\/2543"}],"wp:featuredmedia":[{"embeddable":true,"href":"https:\/\/tennisclubsaintpriest.fr\/tcsp2\/wp-json\/wp\/v2\/media\/2532"}],"wp:attachment":[{"href":"https:\/\/tennisclubsaintpriest.fr\/tcsp2\/wp-json\/wp\/v2\/media?parent=2521"}],"curies":[{"name":"wp","href":"https:\/\/api.w.org\/{rel}","templated":true}]}}