{"id":3594,"date":"2023-04-17T08:25:16","date_gmt":"2023-04-17T08:25:16","guid":{"rendered":"https:\/\/tennisclubsaintpriest.fr\/tcsp2\/?page_id=3594"},"modified":"2024-01-17T12:07:24","modified_gmt":"2024-01-17T12:07:24","slug":"calendrier-des-matchs-par-equipe","status":"publish","type":"page","link":"https:\/\/tennisclubsaintpriest.fr\/tcsp2\/calendrier-des-matchs-par-equipe\/","title":{"rendered":"Calendrier des matchs par \u00e9quipe"},"content":{"rendered":"\n<p>D\u00e9couvrez l&rsquo;int\u00e9gralit\u00e9 des matchs par \u00e9quipes Hommes et Femmes du Tennis Club de Saint-Priest !<\/p>\n\n\n\n<div class=\"wp-block-columns is-layout-flex wp-container-core-columns-is-layout-9d6595d7 wp-block-columns-is-layout-flex\">\n<div class=\"wp-block-column is-layout-flow wp-block-column-is-layout-flow\">\n<figure class=\"wp-block-image size-large is-resized\"><img decoding=\"async\" width=\"1024\" height=\"724\" src=\"https:\/\/tennisclubsaintpriest.fr\/tcsp2\/wp-content\/uploads\/2024\/01\/Championnat-de-france-fille-et-garcon-1024x724.png\" alt=\"\" class=\"wp-image-12195\" style=\"width:839px;height:auto\" srcset=\"https:\/\/tennisclubsaintpriest.fr\/tcsp2\/wp-content\/uploads\/2024\/01\/Championnat-de-france-fille-et-garcon-1024x724.png 1024w, https:\/\/tennisclubsaintpriest.fr\/tcsp2\/wp-content\/uploads\/2024\/01\/Championnat-de-france-fille-et-garcon-300x212.png 300w, https:\/\/tennisclubsaintpriest.fr\/tcsp2\/wp-content\/uploads\/2024\/01\/Championnat-de-france-fille-et-garcon-768x543.png 768w, https:\/\/tennisclubsaintpriest.fr\/tcsp2\/wp-content\/uploads\/2024\/01\/Championnat-de-france-fille-et-garcon-1536x1086.png 1536w, https:\/\/tennisclubsaintpriest.fr\/tcsp2\/wp-content\/uploads\/2024\/01\/Championnat-de-france-fille-et-garcon-1140x806.png 1140w, https:\/\/tennisclubsaintpriest.fr\/tcsp2\/wp-content\/uploads\/2024\/01\/Championnat-de-france-fille-et-garcon.png 2000w\" sizes=\"(max-width: 1024px) 100vw, 1024px\" \/><\/figure>\n<\/div>\n<\/div>\n","protected":false},"excerpt":{"rendered":"<p>D\u00e9couvrez l&rsquo;int\u00e9gralit\u00e9 des matchs par \u00e9quipes Hommes et Femmes du Tennis Club de Saint-Priest !<\/p>\n","protected":false},"author":1,"featured_media":0,"parent":0,"menu_order":0,"comment_status":"closed","ping_status":"closed","template":"","meta":{"_themeisle_gutenberg_block_has_review":false,"footnotes":""},"class_list":["post-3594","page","type-page","status-publish","hentry"],"_links":{"self":[{"href":"https:\/\/tennisclubsaintpriest.fr\/tcsp2\/wp-json\/wp\/v2\/pages\/3594","targetHints":{"allow":["GET"]}}],"collection":[{"href":"https:\/\/tennisclubsaintpriest.fr\/tcsp2\/wp-json\/wp\/v2\/pages"}],"about":[{"href":"https:\/\/tennisclubsaintpriest.fr\/tcsp2\/wp-json\/wp\/v2\/types\/page"}],"author":[{"embeddable":true,"href":"https:\/\/tennisclubsaintpriest.fr\/tcsp2\/wp-json\/wp\/v2\/users\/1"}],"replies":[{"embeddable":true,"href":"https:\/\/tennisclubsaintpriest.fr\/tcsp2\/wp-json\/wp\/v2\/comments?post=3594"}],"version-history":[{"count":4,"href":"https:\/\/tennisclubsaintpriest.fr\/tcsp2\/wp-json\/wp\/v2\/pages\/3594\/revisions"}],"predecessor-version":[{"id":12199,"href":"https:\/\/tennisclubsaintpriest.fr\/tcsp2\/wp-json\/wp\/v2\/pages\/3594\/revisions\/12199"}],"wp:attachment":[{"href":"https:\/\/tennisclubsaintpriest.fr\/tcsp2\/wp-json\/wp\/v2\/media?parent=3594"}],"curies":[{"name":"wp","href":"https:\/\/api.w.org\/{rel}","templated":true}]}}