{"id":360,"date":"2022-11-17T14:22:29","date_gmt":"2022-11-17T14:22:29","guid":{"rendered":"https:\/\/tennisclubsaintpriest.fr\/tcsp2\/?page_id=360"},"modified":"2023-01-10T21:31:34","modified_gmt":"2023-01-10T21:31:34","slug":"president","status":"publish","type":"page","link":"https:\/\/tennisclubsaintpriest.fr\/tcsp2\/president\/","title":{"rendered":"LE PR\u00c9SIDENT D&rsquo;HONNEUR"},"content":{"rendered":"<div class=\"wp-block-image\">\n<figure class=\"aligncenter size-large is-resized\"><img decoding=\"async\" src=\"https:\/\/tennisclubsaintpriest.fr\/tcsp2\/wp-content\/uploads\/2022\/11\/PHOTO-2022-09-27-08-56-29-1024x768.jpg\" alt=\"\" class=\"wp-image-365\" width=\"512\" height=\"384\" srcset=\"https:\/\/tennisclubsaintpriest.fr\/tcsp2\/wp-content\/uploads\/2022\/11\/PHOTO-2022-09-27-08-56-29-1024x768.jpg 1024w, https:\/\/tennisclubsaintpriest.fr\/tcsp2\/wp-content\/uploads\/2022\/11\/PHOTO-2022-09-27-08-56-29-300x225.jpg 300w, https:\/\/tennisclubsaintpriest.fr\/tcsp2\/wp-content\/uploads\/2022\/11\/PHOTO-2022-09-27-08-56-29-768x576.jpg 768w, https:\/\/tennisclubsaintpriest.fr\/tcsp2\/wp-content\/uploads\/2022\/11\/PHOTO-2022-09-27-08-56-29-1536x1152.jpg 1536w, https:\/\/tennisclubsaintpriest.fr\/tcsp2\/wp-content\/uploads\/2022\/11\/PHOTO-2022-09-27-08-56-29-1140x855.jpg 1140w, https:\/\/tennisclubsaintpriest.fr\/tcsp2\/wp-content\/uploads\/2022\/11\/PHOTO-2022-09-27-08-56-29.jpg 2048w\" sizes=\"(max-width: 512px) 100vw, 512px\" \/><\/figure>\n<\/div>\n\n\n<p>Pr\u00e9sident du Tennis club de Saint-Priest depuis novembre 1992, Christian s\u2019est install\u00e9 dans ses fonctions en m\u00eame temps que le club s\u2019installait sur l\u2019emplacement actuel.<\/p>\n\n\n\n<p>Dire que Christian s\u2019est investi dans ce qui \u00e9tait pour lui un v\u00e9ritable apostolat, serait un euph\u00e9misme. Il a su faire du TCSP un grand club, grand par ses r\u00e9sultats avec deux \u00e9quipes en nationale, grand par son tournoi qui attire les meilleures joueuses et joueurs de France, mais surtout grand par le bon esprit, l\u2019ambiance et la convivialit\u00e9 qui y r\u00e8gnent.<\/p>\n\n\n\n<p>M\u00e9moire du club, il a toujours une histoire ou anecdote tennistique \u00e0 raconter, il conna\u00eet tous les adh\u00e9rents et suit les r\u00e9sultats des comp\u00e9titeurs et de toutes les \u00e9quipes, n\u2019h\u00e9sitant pas \u00e0 se d\u00e9placer pour prodiguer ses encouragements.<\/p>\n\n\n\n<p>Apr\u00e8s avoir simultan\u00e9ment f\u00eat\u00e9, en 2022, ses 30 ans de pr\u00e9sidence et les 50 ans du club, Christian a d\u00e9cid\u00e9 de lever le pied et de passer le flambeau. Le comit\u00e9 directeur lui a attribu\u00e9 \u00e0 l\u2019unanimit\u00e9 le titre, amplement m\u00e9rit\u00e9, de <mark style=\"background-color:rgba(0, 0, 0, 0)\" class=\"has-inline-color has-vivid-red-color\">pr\u00e9sident d\u2019honneur du club<\/mark>.<\/p>\n","protected":false},"excerpt":{"rendered":"<p>Pr\u00e9sident du Tennis club de Saint-Priest depuis novembre 1992, Christian s\u2019est install\u00e9 dans ses fonctions en m\u00eame temps que le club s\u2019installait sur l\u2019emplacement actuel. Dire que Christian s\u2019est investi dans ce qui \u00e9tait pour lui un v\u00e9ritable apostolat, serait un euph\u00e9misme. Il a su faire du TCSP un grand club, grand par ses r\u00e9sultats avec deux \u00e9quipes en nationale, grand par son tournoi qui attire les meilleures joueuses et joueurs de France, mais surtout grand par le bon esprit, l\u2019ambiance et la convivialit\u00e9 qui y r\u00e8gnent. M\u00e9moire du club, il a toujours une histoire ou anecdote tennistique \u00e0 raconter, il conna\u00eet tous les adh\u00e9rents et suit les r\u00e9sultats des comp\u00e9titeurs et de toutes les \u00e9quipes, n\u2019h\u00e9sitant pas \u00e0 se d\u00e9placer pour prodiguer ses encouragements. Apr\u00e8s avoir simultan\u00e9ment f\u00eat\u00e9, en 2022, ses 30 ans de pr\u00e9sidence et les 50 ans du club, Christian a d\u00e9cid\u00e9 de lever le pied et de passer le flambeau. Le comit\u00e9 directeur lui a attribu\u00e9 \u00e0 l\u2019unanimit\u00e9 le titre, amplement m\u00e9rit\u00e9, de pr\u00e9sident d\u2019honneur du club.<\/p>\n","protected":false},"author":1,"featured_media":0,"parent":0,"menu_order":0,"comment_status":"closed","ping_status":"closed","template":"","meta":{"_themeisle_gutenberg_block_has_review":false,"footnotes":""},"class_list":["post-360","page","type-page","status-publish","hentry"],"_links":{"self":[{"href":"https:\/\/tennisclubsaintpriest.fr\/tcsp2\/wp-json\/wp\/v2\/pages\/360","targetHints":{"allow":["GET"]}}],"collection":[{"href":"https:\/\/tennisclubsaintpriest.fr\/tcsp2\/wp-json\/wp\/v2\/pages"}],"about":[{"href":"https:\/\/tennisclubsaintpriest.fr\/tcsp2\/wp-json\/wp\/v2\/types\/page"}],"author":[{"embeddable":true,"href":"https:\/\/tennisclubsaintpriest.fr\/tcsp2\/wp-json\/wp\/v2\/users\/1"}],"replies":[{"embeddable":true,"href":"https:\/\/tennisclubsaintpriest.fr\/tcsp2\/wp-json\/wp\/v2\/comments?post=360"}],"version-history":[{"count":8,"href":"https:\/\/tennisclubsaintpriest.fr\/tcsp2\/wp-json\/wp\/v2\/pages\/360\/revisions"}],"predecessor-version":[{"id":1707,"href":"https:\/\/tennisclubsaintpriest.fr\/tcsp2\/wp-json\/wp\/v2\/pages\/360\/revisions\/1707"}],"wp:attachment":[{"href":"https:\/\/tennisclubsaintpriest.fr\/tcsp2\/wp-json\/wp\/v2\/media?parent=360"}],"curies":[{"name":"wp","href":"https:\/\/api.w.org\/{rel}","templated":true}]}}