{"id":387,"date":"2022-11-17T15:07:54","date_gmt":"2022-11-17T15:07:54","guid":{"rendered":"https:\/\/tennisclubsaintpriest.fr\/tcsp2\/?page_id=387"},"modified":"2023-11-15T13:50:52","modified_gmt":"2023-11-15T13:50:52","slug":"reglement-interieur","status":"publish","type":"page","link":"https:\/\/tennisclubsaintpriest.fr\/tcsp2\/reglement-interieur\/","title":{"rendered":"REGLEMENT INTERIEUR"},"content":{"rendered":"<div class=\"wp-block-image\">\n<figure class=\"aligncenter size-full\"><img decoding=\"async\" width=\"512\" height=\"296\" src=\"https:\/\/tennisclubsaintpriest.fr\/tcsp2\/wp-content\/uploads\/2022\/11\/cropped-cropped-cropped-Logo-TCSP.png\" alt=\"\" class=\"wp-image-1430\" srcset=\"https:\/\/tennisclubsaintpriest.fr\/tcsp2\/wp-content\/uploads\/2022\/11\/cropped-cropped-cropped-Logo-TCSP.png 512w, https:\/\/tennisclubsaintpriest.fr\/tcsp2\/wp-content\/uploads\/2022\/11\/cropped-cropped-cropped-Logo-TCSP-300x173.png 300w\" sizes=\"(max-width: 512px) 100vw, 512px\" \/><\/figure>\n<\/div>\n\n\n<p>\u200b<\/p>\n\n\n\n<p class=\"has-text-align-center has-luminous-vivid-orange-color has-text-color has-large-font-size\"><strong>R\u00e8glement int\u00e9rieur<\/strong><\/p>\n\n\n\n<p class=\"has-text-align-center has-luminous-vivid-orange-color has-text-color has-large-font-size\"><strong>Du Tennis Club de Saint-Priest<\/strong><\/p>\n\n\n\n<p class=\"has-text-align-center has-luminous-vivid-orange-color has-text-color\">Mise \u00e0 jour 2023<\/p>\n\n\n\n<p><strong>Dispositions g\u00e9n\u00e9rales<\/strong><\/p>\n\n\n\n<p>Tout membre du club, actif tennis, padel, quelle que soit sa pratique, s\u2019attend \u00e0 trouver dans notre club une ambiance saine, sportive, conviviale et chaleureuse. Cette ambiance est une construction collective et il appartient \u00e0 chacun d\u2019y contribuer. Pour cela, votre Comit\u00e9 de Direction a jug\u00e9 indispensable, dans l\u2019int\u00e9r\u00eat de tous d\u2019\u00e9dicter certaines interdictions ou consignes :<\/p>\n\n\n\n<ul class=\"wp-block-list\">\n<li>En toutes circonstances, les membres\/soci\u00e9taires du Club devront avoir une tenue correcte et d\u00e9cente, le torse nu est interdit. Les chaussures de sport sont obligatoires et doivent \u00eatre adapt\u00e9es \u00e0 la pratique du tennis ainsi qu&rsquo;\u00e0 la nature du sol<\/li>\n<\/ul>\n\n\n\n<ul class=\"wp-block-list\">\n<li>En toutes circonstances, les membres\/soci\u00e9taires du Club devront respecter les installations, les membres, les collaborateurs, les intervenants et instances dirigeantes, garder l\u2019esprit sportif, ne pas participer \u00e0 des jeux d\u2019argent.<\/li>\n\n\n\n<li>Le mat\u00e9riel mis \u00e0 la disposition des membres\/soci\u00e9taires du club doit \u00eatre respect\u00e9 afin que chacun puisse en profiter dans les meilleures conditions. Les courts, club house et parties communes, doivent \u00eatre maintenus en parfait \u00e9tat de propret\u00e9.<\/li>\n<\/ul>\n\n\n\n<ol class=\"wp-block-list\" start=\"2\">\n<li><strong>Membres, Soci\u00e9taires, Cotisation, Inscription<\/strong><\/li>\n<\/ol>\n\n\n\n<ol class=\"wp-block-list\">\n<li><strong>Membres&nbsp;<\/strong><\/li>\n<\/ol>\n\n\n\n<p>Seuls sont membres du club les personnes \u00e9tant \u00e0 jour de leur cotisation annuelle. Les membres, titulaires de la licence FFT attach\u00e9 au tennis club de Saint Priest, peuvent \u00eatre \u00e9ligibles, \u00e9lus et remplir toutes les fonctions au sein du comit\u00e9 directeur du Tennis Club.<\/p>\n\n\n\n<ol class=\"wp-block-list\">\n<li><strong>Soci\u00e9taires<\/strong><\/li>\n<\/ol>\n\n\n\n<p>Cette carte est accord\u00e9e \u00e0 titre amical, moyennant un r\u00e8glement annuel dont le montant est adopt\u00e9 par le Comit\u00e9 Directeur, donnant droit \u00e0 l\u2019acc\u00e8s au club. Le pr\u00e9sident et le Comit\u00e9 Directeur se r\u00e9servent le droit de refuser ou d\u2019accepter la d\u00e9livrance de cette carte. Les soci\u00e9taires n\u2019ont pas de droits de vote et de d\u00e9cision au sein du club, n\u2019ont pas acc\u00e8s aux courts de Tennis et Padel. L\u2019acc\u00e8s leur est interdit les mercredis, les semaines de stage pour les enfants et lors des comp\u00e9titions pour les jeux de cartes et de p\u00e9tanque.<\/p>\n\n\n\n<ol class=\"wp-block-list\">\n<li><strong>Cotisations<\/strong><\/li>\n<\/ol>\n\n\n\n<p>La cotisation annuelle est valable du 1<sup>er<\/sup> septembre au 31 ao\u00fbt de l\u2019ann\u00e9e suivante. Le montant de la cotisation annuelle peut-\u00eatre r\u00e9vis\u00e9 chaque ann\u00e9e. Chaque modification de cotisation doit \u00eatre soumise \u00e0 l&rsquo;approbation du Comit\u00e9 Directeur. Elle comprend l\u2019acc\u00e8s aux installations, la licence FFT (F\u00e9d\u00e9ration Fran\u00e7aise de Tennis) et l\u2019assurance. \u00c0 partir du 1 janvier, la cotisation est calcul\u00e9e au prorata temporise.<\/p>\n\n\n\n<ol class=\"wp-block-list\">\n<li><strong>Inscription<\/strong><\/li>\n<\/ol>\n\n\n\n<p>Pour \u00eatre retenu, l\u2019ensemble du dossier doit \u00eatre complet et sign\u00e9, le dossier comprend :<\/p>\n\n\n\n<ul class=\"wp-block-list\">\n<li>La copie du certificat de non-contre-indication \u00e0 la pratique sportive valide au moment de l\u2019inscription pour la pratique en comp\u00e9tition et l\u2019\u00e9cole de tennis<\/li>\n\n\n\n<li>La lecture, l\u2019acceptation et la signature du r\u00e8glement int\u00e9rieur<\/li>\n\n\n\n<li>Le paiement de la cotisation annuelle soit par un paiement au comptant, soit par des paiements \u00e9chelonn\u00e9s par ch\u00e8que, tous remit lors de la d\u00e9pose du dossier<\/li>\n<\/ul>\n\n\n\n<ol class=\"wp-block-list\" start=\"3\">\n<li><strong>Licence et assurance<\/strong><\/li>\n<\/ol>\n\n\n\n<p>Les membres (cours, entrainements, comp\u00e9titions, individuels ou collectifs) du Club sont licenci\u00e9s \u00e0 la F\u00e9d\u00e9ration Fran\u00e7aise de Tennis. Le licenci\u00e9 r\u00e9cup\u00e8re sur le site de la F\u00e9d\u00e9ration Fran\u00e7aise de Tennis sa licence d\u00e9finitive. Ils b\u00e9n\u00e9ficient, \u00e0 ce titre, d&rsquo;une assurance de la FFT les couvrant lors d&rsquo;un accident et en responsabilit\u00e9 civile (voir les couvertures d\u2019assurance sur le site de la FFT).<\/p>\n\n\n\n<ol class=\"wp-block-list\" start=\"4\">\n<li><strong>Responsabilit\u00e9s<\/strong><\/li>\n<\/ol>\n\n\n\n<p>En aucun cas, le Club ne peut \u00eatre tenu pour responsable des vols des objets personnels commis dans l\u2019enceinte du club.<\/p>\n\n\n\n<ol class=\"wp-block-list\" start=\"5\">\n<li><strong>Circulation automobile et parking<\/strong><\/li>\n<\/ol>\n\n\n\n<p>A l\u2019int\u00e9rieur du club, les automobilistes sont pri\u00e9s de circuler au pas et d\u2019\u00eatre particuli\u00e8rement attentifs aux personnes et enfants qui peuvent jouer dans les all\u00e9es.<\/p>\n\n\n\n<p>Le stationnement est autoris\u00e9 sur les places de parking mat\u00e9rialis\u00e9es uniquement. Les trottoirs et voies d\u2019acc\u00e8s doivent \u00eatre laiss\u00e9s libres, notamment pour les secours.<\/p>\n\n\n\n<p>Seuls les membres et soci\u00e9taires et parents d\u2019enfants membres sont autoris\u00e9s \u00e0 stationner sur le parking.<\/p>\n\n\n\n<p>Nous rappelons que la Police Municipale est en mesure de sanctionner par proc\u00e8s-verbaux le non-respect de ces r\u00e8gles.<\/p>\n\n\n\n<ol class=\"wp-block-list\" start=\"6\">\n<li><strong>Acc\u00e8s aux courts et r\u00e9servations<\/strong><\/li>\n<\/ol>\n\n\n\n<ol class=\"wp-block-list\">\n<li><strong>Acc\u00e8s g\u00e9n\u00e9ral<\/strong><\/li>\n<\/ol>\n\n\n\n<p>L\u2019acc\u00e8s aux courts est r\u00e9serv\u00e9 aux membres du Club licenci\u00e9s et \u00e0 jour de leur cotisation. L\u2019entr\u00e9e est libre et contr\u00f4l\u00e9e par les permanents d\u00e9sign\u00e9s comme \u00ab secr\u00e9taires du Club \u00bb.<\/p>\n\n\n\n<ol class=\"wp-block-list\">\n<li><strong>R\u00e9servations<\/strong><\/li>\n<\/ol>\n\n\n\n<p>Le membre s\u2019engage \u00e0 respecter les r\u00e8gles de r\u00e9servation en vigueur, en cas de non- respect, il pourra se voir retirer tout ou partie de ses possibilit\u00e9s de r\u00e9servation par internet ou aupr\u00e8s de l\u2019accueil. L\u2019acc\u00e8s aux installations est possible sur les horaires d\u2019ouverture du Club.<\/p>\n\n\n\n<ol class=\"wp-block-list\" start=\"7\">\n<li><strong>Invitations<\/strong><\/li>\n<\/ol>\n\n\n\n<p>La possibilit\u00e9 d\u2019inviter des joueurs non adh\u00e9rents au club est propos\u00e9e afin de satisfaire certaines demandes et faire connaitre notre club sans lui porter pr\u00e9judice. Elle est bas\u00e9e sur la confiance et la correction. Les invitations doivent respecter les r\u00e8gles de r\u00e9servation.<\/p>\n\n\n\n<p>Le montant est fix\u00e9 par le Comit\u00e9 Directeur.<\/p>\n\n\n\n<ol class=\"wp-block-list\" start=\"8\">\n<li><strong>\u00c9cole de tennis et d\u00e9placements<\/strong><\/li>\n<\/ol>\n\n\n\n<p>Avant de d\u00e9poser leurs enfants au Club, les parents doivent s\u2019assurer qu\u2019il y a bien un responsable pour les accueillir. Les enfants restent sous l\u2019enti\u00e8re responsabilit\u00e9 des parents, sauf pendant le temps du cours. Les enfants \u00e9tant alors sous la responsabilit\u00e9 de l\u2019\u00e9ducateur ou encadrement. L\u2019inscription d\u2019un enfant \u00e0 l\u2019\u00e9cole de tennis entraine l\u2019autorisation parentale pour les d\u00e9placements occasionn\u00e9s par cette activit\u00e9 (comp\u00e9tition, entrainement, \u2026).<\/p>\n\n\n\n<p>Les enfants de l\u2019\u00e9cole de tennis ont la possibilit\u00e9 de r\u00e9server les courts ext\u00e9rieurs et peuvent jouer sur les courts int\u00e9rieurs si ceux-ci sont libres de toute r\u00e9servation.<\/p>\n\n\n\n<ol class=\"wp-block-list\" start=\"9\">\n<li><strong>Discipline<\/strong><\/li>\n<\/ol>\n\n\n\n<p>Sur les courts, il est interdit de fumer, cracher, jeter du chewing-gum, pratiquer une activit\u00e9 autre que le tennis ou padel.<\/p>\n\n\n\n<p>Les bo\u00eetes, bouteilles, papiers,&nbsp;et autres d\u00e9chets doivent \u00eatre d\u00e9pos\u00e9s dans les poubelles pr\u00e9vues \u00e0 cet effet, en respectant le tri s\u00e9lectif.<\/p>\n\n\n\n<p>En toute circonstance, pendant ou hors du jeu, il est interdit de d\u00e9grader volontairement les installations ou le mat\u00e9riel du club.<\/p>\n\n\n\n<p>Les boissons sucr\u00e9es ou non ne doivent pas \u00eatre renvers\u00e9es sur les courts.<\/p>\n\n\n\n<p>Il est interdit d\u2019uriner (ou toute autre d\u00e9jection) sur ou depuis les courts, int\u00e9rieurs comme ext\u00e9rieurs, ou d\u2019une mani\u00e8re g\u00e9n\u00e9rale, dans l\u2019enceinte du club. Les deux toilettes sont \u00e0 disposition pour \u00e7a.<\/p>\n\n\n\n<p>Les 2 WC du club sont maintenant mixtes. En effet, le club \u00e9tant \u00e9quip\u00e9 d\u2019un seul WC PMR, celui-ci doit \u00eatre mixte. Si un des deux WC est mixte, le second doit aussi \u00eatre mixte.<\/p>\n\n\n\n<p>La pr\u00e9sence d\u2019animaux est interdite dans le club house, ils doivent \u00eatre maintenus en laisse \u00e0 l\u2019ext\u00e9rieur des courts.<\/p>\n\n\n\n<p>Il est interdit de laisser des enfants en bas \u00e2ge sans surveillance dans l\u2019enceinte du club et sur les courts.<\/p>\n\n\n\n<p>Il est interdit d\u2019\u00eatre pr\u00e9sent sans y \u00eatre express\u00e9ment invit\u00e9 :<\/p>\n\n\n\n<ul class=\"wp-block-list\">\n<li>Derri\u00e8re le bar<\/li>\n\n\n\n<li>Dans le bureau<\/li>\n\n\n\n<li>Dans les locaux techniques<\/li>\n<\/ul>\n\n\n\n<p>Les membres du comit\u00e9 de direction ont vocation \u00e0 p\u00e9n\u00e9trer sur les cours pour r\u00e9gler tout litige en suspens.<\/p>\n\n\n\n<p>En cas de faute grave d\u2019un adh\u00e9rent, le comit\u00e9 peut proc\u00e9der \u00e0 sa radiation temporaire ou d\u00e9finitive. La cotisation du membre exclu reste alors acquise au club.<\/p>\n\n\n\n<ol class=\"wp-block-list\" start=\"10\">\n<li><strong>Communication&nbsp;: respect des donn\u00e9es et des membres<\/strong><\/li>\n<\/ol>\n\n\n\n<p>Droit \u00e0 l\u2019image : sauf avis contraire du membre ou de ses repr\u00e9sentants l\u00e9gaux, exprim\u00e9 lors de son inscription, le club se r\u00e9serve le droit d\u2019utiliser l\u2019image de ses membres dans le strict cadre de sa communication interne et externe, sur tout type de support, site de la FFT, site de l\u2019association, des r\u00e9seaux sociaux (Facebook, YouTube, Instagram\u2026,)<\/p>\n\n\n\n<ul class=\"wp-block-list\">\n<li>Sauf avis contraire du membre ou de ses repr\u00e9sentants l\u00e9gaux, exprim\u00e9 lors de son inscription, le club se r\u00e9serve le droit de communiquer les coordonn\u00e9es des membres \u00e0 un autre membre pour une demande de rencontre.<\/li>\n\n\n\n<li>Les membres s\u2019engagent \u00e0 ne pas utiliser \u00e0 des fins professionnelles ou personnelles les coordonn\u00e9es des autres membres et les installations du site ainsi que les supports de communication. (Affichage, r\u00e9seaux sociaux \u2026)<\/li>\n\n\n\n<li>Chaque membre s\u2019engage \u00e0 s\u2019abstenir de toute atteinte \u00e0 la dignit\u00e9 morale, de toute mise en cause d\u2019un ou de plusieurs membres, invit\u00e9, collaborateur, partenaire, prestataire, intervenant du club.<\/li>\n<\/ul>\n\n\n\n<ol class=\"wp-block-list\" start=\"11\">\n<li><strong>Sanctions et radiations<\/strong><\/li>\n<\/ol>\n\n\n\n<p>Tout adh\u00e9rent qui ne respecte pas le r\u00e8glement int\u00e9rieur, ou proc\u00e8de au d\u00e9nigrement d\u2019un membre, de l\u2019association, d\u2019un invit\u00e9, d\u2019un collaborateur, d\u2019un partenaire, d\u2019un intervenant, peut \u00eatre sanctionn\u00e9 par le comit\u00e9 en fonction de la gravit\u00e9 de la faute pouvant aller jusqu\u2019\u00e0 la radiation.<\/p>\n\n\n\n<p><strong>Approuv\u00e9 par le Comit\u00e9 Directeur le 25 janvier 2023<\/strong><\/p>\n\n\n\n<p><\/p>\n\n\n\n<div class=\"wp-block-group is-content-justification-center is-nowrap is-layout-flex wp-container-core-group-is-layout-94bc23d7 wp-block-group-is-layout-flex\">\n<div class=\"wp-block-buttons is-layout-flex wp-block-buttons-is-layout-flex\">\n<div class=\"wp-block-button\"><a class=\"wp-block-button__link wp-element-button\" href=\"https:\/\/www.fft.fr\/la-federation\/organisation-federale\/textes-officiels-fft\">En savoir plus<\/a><\/div>\n<\/div>\n<\/div>\n","protected":false},"excerpt":{"rendered":"<p>\u200b R\u00e8glement int\u00e9rieur Du Tennis Club de Saint-Priest Mise \u00e0 jour 2023 Dispositions g\u00e9n\u00e9rales Tout membre du club, actif tennis, padel, quelle que soit sa pratique, s\u2019attend \u00e0 trouver dans notre club une ambiance saine, sportive, conviviale et chaleureuse. Cette ambiance est une construction collective et il appartient \u00e0 chacun d\u2019y contribuer. Pour cela, votre Comit\u00e9 de Direction a jug\u00e9 indispensable, dans l\u2019int\u00e9r\u00eat de tous d\u2019\u00e9dicter certaines interdictions ou consignes : Seuls sont membres du club les personnes \u00e9tant \u00e0 jour de leur cotisation annuelle. Les membres, titulaires de la licence FFT attach\u00e9 au tennis club de Saint Priest, peuvent \u00eatre \u00e9ligibles, \u00e9lus et remplir toutes les fonctions au sein du comit\u00e9 directeur du Tennis Club. Cette carte est accord\u00e9e \u00e0 titre amical, moyennant un r\u00e8glement annuel dont le montant est adopt\u00e9 par le Comit\u00e9 Directeur, donnant droit \u00e0 l\u2019acc\u00e8s au club. Le pr\u00e9sident et le Comit\u00e9 Directeur se r\u00e9servent le droit de refuser ou d\u2019accepter la d\u00e9livrance de cette carte. Les soci\u00e9taires n\u2019ont pas de droits de vote et de d\u00e9cision au sein du club, n\u2019ont pas acc\u00e8s aux courts de Tennis et Padel. L\u2019acc\u00e8s leur est interdit les mercredis, les semaines de stage pour les enfants et lors des comp\u00e9titions pour les jeux de cartes et de p\u00e9tanque. La cotisation annuelle est valable du 1er septembre au 31 ao\u00fbt de l\u2019ann\u00e9e suivante. Le montant de la cotisation annuelle peut-\u00eatre r\u00e9vis\u00e9 chaque ann\u00e9e. Chaque modification de cotisation doit \u00eatre soumise \u00e0 l&rsquo;approbation du Comit\u00e9 Directeur. Elle comprend l\u2019acc\u00e8s aux installations, la licence FFT (F\u00e9d\u00e9ration Fran\u00e7aise de Tennis) et l\u2019assurance. \u00c0 partir du 1 janvier, la cotisation est calcul\u00e9e au prorata temporise. Pour \u00eatre retenu, l\u2019ensemble du dossier doit \u00eatre complet et sign\u00e9, le dossier comprend : Les membres (cours, entrainements, comp\u00e9titions, individuels ou collectifs) du Club sont licenci\u00e9s \u00e0 la F\u00e9d\u00e9ration Fran\u00e7aise de Tennis. Le licenci\u00e9 r\u00e9cup\u00e8re sur le site de la F\u00e9d\u00e9ration Fran\u00e7aise de Tennis sa licence d\u00e9finitive. Ils b\u00e9n\u00e9ficient, \u00e0 ce titre, d&rsquo;une assurance de la FFT les couvrant lors d&rsquo;un accident et en responsabilit\u00e9 civile (voir les couvertures d\u2019assurance sur le site de la FFT). En aucun cas, le Club ne peut \u00eatre tenu pour responsable des vols des objets personnels commis dans l\u2019enceinte du club. A l\u2019int\u00e9rieur du club, les automobilistes sont pri\u00e9s de circuler au pas et d\u2019\u00eatre particuli\u00e8rement attentifs aux personnes et enfants qui peuvent jouer dans les all\u00e9es. Le stationnement est autoris\u00e9 sur les places de parking mat\u00e9rialis\u00e9es uniquement. Les trottoirs et voies d\u2019acc\u00e8s doivent \u00eatre laiss\u00e9s libres, notamment pour les secours. Seuls les membres et soci\u00e9taires et parents d\u2019enfants membres sont autoris\u00e9s \u00e0 stationner sur le parking. Nous rappelons que la Police Municipale est en mesure de sanctionner par proc\u00e8s-verbaux le non-respect de ces r\u00e8gles. L\u2019acc\u00e8s aux courts est r\u00e9serv\u00e9 aux membres du Club licenci\u00e9s et \u00e0 jour de leur cotisation. L\u2019entr\u00e9e est libre et contr\u00f4l\u00e9e par les permanents d\u00e9sign\u00e9s comme \u00ab secr\u00e9taires du Club \u00bb. Le membre s\u2019engage \u00e0 respecter les r\u00e8gles de r\u00e9servation en vigueur, en cas de non- respect, il pourra se voir retirer tout ou partie de ses possibilit\u00e9s de r\u00e9servation par internet ou aupr\u00e8s de l\u2019accueil. L\u2019acc\u00e8s aux installations est possible sur les horaires d\u2019ouverture du Club. La possibilit\u00e9 d\u2019inviter des joueurs non adh\u00e9rents au club est propos\u00e9e afin de satisfaire certaines demandes et faire connaitre notre club sans lui porter pr\u00e9judice. Elle est bas\u00e9e sur la confiance et la correction. Les invitations doivent respecter les r\u00e8gles de r\u00e9servation. Le montant est fix\u00e9 par le Comit\u00e9 Directeur. Avant de d\u00e9poser leurs enfants au Club, les parents doivent s\u2019assurer qu\u2019il y a bien un responsable pour les accueillir. Les enfants restent sous l\u2019enti\u00e8re responsabilit\u00e9 des parents, sauf pendant le temps du cours. Les enfants \u00e9tant alors sous la responsabilit\u00e9 de l\u2019\u00e9ducateur ou encadrement. L\u2019inscription d\u2019un enfant \u00e0 l\u2019\u00e9cole de tennis entraine l\u2019autorisation parentale pour les d\u00e9placements occasionn\u00e9s par cette activit\u00e9 (comp\u00e9tition, entrainement, \u2026). Les enfants de l\u2019\u00e9cole de tennis ont la possibilit\u00e9 de r\u00e9server les courts ext\u00e9rieurs et peuvent jouer sur les courts int\u00e9rieurs si ceux-ci sont libres de toute r\u00e9servation. Sur les courts, il est interdit de fumer, cracher, jeter du chewing-gum, pratiquer une activit\u00e9 autre que le tennis ou padel. Les bo\u00eetes, bouteilles, papiers,&nbsp;et autres d\u00e9chets doivent \u00eatre d\u00e9pos\u00e9s dans les poubelles pr\u00e9vues \u00e0 cet effet, en respectant le tri s\u00e9lectif. En toute circonstance, pendant ou hors du jeu, il est interdit de d\u00e9grader volontairement les installations ou le mat\u00e9riel du club. Les boissons sucr\u00e9es ou non ne doivent pas \u00eatre renvers\u00e9es sur les courts. Il est interdit d\u2019uriner (ou toute autre d\u00e9jection) sur ou depuis les courts, int\u00e9rieurs comme ext\u00e9rieurs, ou d\u2019une mani\u00e8re g\u00e9n\u00e9rale, dans l\u2019enceinte du club. Les deux toilettes sont \u00e0 disposition pour \u00e7a. Les 2 WC du club sont maintenant mixtes. En effet, le club \u00e9tant \u00e9quip\u00e9 d\u2019un seul WC PMR, celui-ci doit \u00eatre mixte. Si un des deux WC est mixte, le second doit aussi \u00eatre mixte. La pr\u00e9sence d\u2019animaux est interdite dans le club house, ils doivent \u00eatre maintenus en laisse \u00e0 l\u2019ext\u00e9rieur des courts. Il est interdit de laisser des enfants en bas \u00e2ge sans surveillance dans l\u2019enceinte du club et sur les courts. Il est interdit d\u2019\u00eatre pr\u00e9sent sans y \u00eatre express\u00e9ment invit\u00e9 : Les membres du comit\u00e9 de direction ont vocation \u00e0 p\u00e9n\u00e9trer sur les cours pour r\u00e9gler tout litige en suspens. En cas de faute grave d\u2019un adh\u00e9rent, le comit\u00e9 peut proc\u00e9der \u00e0 sa radiation temporaire ou d\u00e9finitive. La cotisation du membre exclu reste alors acquise au club. Droit \u00e0 l\u2019image : sauf avis contraire du membre ou de ses repr\u00e9sentants l\u00e9gaux, exprim\u00e9 lors de son inscription, le club se r\u00e9serve le droit d\u2019utiliser l\u2019image de ses membres dans le strict cadre de sa communication interne et externe, sur tout type de support, site de la FFT, site de l\u2019association, des r\u00e9seaux sociaux (Facebook, YouTube, Instagram\u2026,) Tout adh\u00e9rent qui ne respecte pas le r\u00e8glement int\u00e9rieur, ou proc\u00e8de au d\u00e9nigrement d\u2019un membre, de l\u2019association, d\u2019un invit\u00e9, d\u2019un collaborateur, d\u2019un partenaire, d\u2019un intervenant, peut \u00eatre sanctionn\u00e9 par le comit\u00e9 en fonction de la gravit\u00e9 de la faute pouvant aller jusqu\u2019\u00e0 la radiation. Approuv\u00e9 par le Comit\u00e9 Directeur le 25 janvier 2023<\/p>\n","protected":false},"author":1,"featured_media":0,"parent":0,"menu_order":0,"comment_status":"closed","ping_status":"closed","template":"","meta":{"_themeisle_gutenberg_block_has_review":false,"footnotes":""},"class_list":["post-387","page","type-page","status-publish","hentry"],"_links":{"self":[{"href":"https:\/\/tennisclubsaintpriest.fr\/tcsp2\/wp-json\/wp\/v2\/pages\/387","targetHints":{"allow":["GET"]}}],"collection":[{"href":"https:\/\/tennisclubsaintpriest.fr\/tcsp2\/wp-json\/wp\/v2\/pages"}],"about":[{"href":"https:\/\/tennisclubsaintpriest.fr\/tcsp2\/wp-json\/wp\/v2\/types\/page"}],"author":[{"embeddable":true,"href":"https:\/\/tennisclubsaintpriest.fr\/tcsp2\/wp-json\/wp\/v2\/users\/1"}],"replies":[{"embeddable":true,"href":"https:\/\/tennisclubsaintpriest.fr\/tcsp2\/wp-json\/wp\/v2\/comments?post=387"}],"version-history":[{"count":5,"href":"https:\/\/tennisclubsaintpriest.fr\/tcsp2\/wp-json\/wp\/v2\/pages\/387\/revisions"}],"predecessor-version":[{"id":10002,"href":"https:\/\/tennisclubsaintpriest.fr\/tcsp2\/wp-json\/wp\/v2\/pages\/387\/revisions\/10002"}],"wp:attachment":[{"href":"https:\/\/tennisclubsaintpriest.fr\/tcsp2\/wp-json\/wp\/v2\/media?parent=387"}],"curies":[{"name":"wp","href":"https:\/\/api.w.org\/{rel}","templated":true}]}}