{"id":5286,"date":"2023-06-19T13:12:26","date_gmt":"2023-06-19T13:12:26","guid":{"rendered":"https:\/\/tennisclubsaintpriest.fr\/tcsp2\/?page_id=5286"},"modified":"2023-11-15T12:57:17","modified_gmt":"2023-11-15T12:57:17","slug":"grand-prix-de-tennis-2024","status":"publish","type":"page","link":"https:\/\/tennisclubsaintpriest.fr\/tcsp2\/grand-prix-de-tennis-2024\/","title":{"rendered":"Grand Prix de Tennis 2024"},"content":{"rendered":"<div class=\"wp-block-image\">\n<figure class=\"aligncenter size-full is-resized\"><img decoding=\"async\" width=\"706\" height=\"1000\" src=\"https:\/\/tennisclubsaintpriest.fr\/tcsp2\/wp-content\/uploads\/2023\/06\/706X1000-PXL_AFFICHE-GPTSP-20231.jpg\" alt=\"\" class=\"wp-image-6076\" style=\"width:376px;height:533px\" srcset=\"https:\/\/tennisclubsaintpriest.fr\/tcsp2\/wp-content\/uploads\/2023\/06\/706X1000-PXL_AFFICHE-GPTSP-20231.jpg 706w, https:\/\/tennisclubsaintpriest.fr\/tcsp2\/wp-content\/uploads\/2023\/06\/706X1000-PXL_AFFICHE-GPTSP-20231-212x300.jpg 212w\" sizes=\"(max-width: 706px) 100vw, 706px\" \/><\/figure>\n<\/div>\n\n\n<p>Le Grand Prix de Tennis 2024 organis\u00e9 par le Tennis Club de Saint-Priest a pris fin le 1er octobre 2023. Il s\u2019est sold\u00e9 par la victoire d&rsquo;Ugo Blanchet chez les hommes et Ga\u00eblle Desperrier chez les femmes.<\/p>\n\n\n\n<p>Le Grand-Prix de Tennis de Saint-Priest est un tournoi amateur et professionnel, masculin et F\u00e9minin faisant parti du circuit national des grands tournois fran\u00e7ais (CNGT). C\u2019est \u00e9galement le plus grand tournoi de club de la ligue ARA, qui perdure depuis plus de 40 ans.<\/p>\n\n\n\n<p>CHAQUE ANNEE LE GPT C\u2019EST ENVIRON&nbsp;:<\/p>\n\n\n\n<ul class=\"wp-block-list\">\n<li>Entre 10 et 15 num\u00e9rot\u00e9s fran\u00e7ais <\/li>\n\n\n\n<li>Plus de 500 joueurs inscrits<\/li>\n\n\n\n<li>12 arbitres<\/li>\n\n\n\n<li>Plus de 20 b\u00e9n\u00e9voles<\/li>\n\n\n\n<li>Plus de 300 spectateurs.<\/li>\n<\/ul>\n\n\n\n<p>On vous attend nombreux et nombreuses pour le prochain tournoi qui s\u2019annonce encore plus grandiose. Ce sera la 50e \u00e9dition !<\/p>\n\n\n\n<p><\/p>\n","protected":false},"excerpt":{"rendered":"<p>Le Grand Prix de Tennis 2024 organis\u00e9 par le Tennis Club de Saint-Priest a pris fin le 1er octobre 2023. Il s\u2019est sold\u00e9 par la victoire d&rsquo;Ugo Blanchet chez les hommes et Ga\u00eblle Desperrier chez les femmes. Le Grand-Prix de Tennis de Saint-Priest est un tournoi amateur et professionnel, masculin et F\u00e9minin faisant parti du circuit national des grands tournois fran\u00e7ais (CNGT). C\u2019est \u00e9galement le plus grand tournoi de club de la ligue ARA, qui perdure depuis plus de 40 ans. CHAQUE ANNEE LE GPT C\u2019EST ENVIRON&nbsp;: On vous attend nombreux et nombreuses pour le prochain tournoi qui s\u2019annonce encore plus grandiose. Ce sera la 50e \u00e9dition !<\/p>\n","protected":false},"author":1,"featured_media":0,"parent":0,"menu_order":0,"comment_status":"closed","ping_status":"closed","template":"","meta":{"_themeisle_gutenberg_block_has_review":false,"footnotes":""},"class_list":["post-5286","page","type-page","status-publish","hentry"],"_links":{"self":[{"href":"https:\/\/tennisclubsaintpriest.fr\/tcsp2\/wp-json\/wp\/v2\/pages\/5286","targetHints":{"allow":["GET"]}}],"collection":[{"href":"https:\/\/tennisclubsaintpriest.fr\/tcsp2\/wp-json\/wp\/v2\/pages"}],"about":[{"href":"https:\/\/tennisclubsaintpriest.fr\/tcsp2\/wp-json\/wp\/v2\/types\/page"}],"author":[{"embeddable":true,"href":"https:\/\/tennisclubsaintpriest.fr\/tcsp2\/wp-json\/wp\/v2\/users\/1"}],"replies":[{"embeddable":true,"href":"https:\/\/tennisclubsaintpriest.fr\/tcsp2\/wp-json\/wp\/v2\/comments?post=5286"}],"version-history":[{"count":4,"href":"https:\/\/tennisclubsaintpriest.fr\/tcsp2\/wp-json\/wp\/v2\/pages\/5286\/revisions"}],"predecessor-version":[{"id":9996,"href":"https:\/\/tennisclubsaintpriest.fr\/tcsp2\/wp-json\/wp\/v2\/pages\/5286\/revisions\/9996"}],"wp:attachment":[{"href":"https:\/\/tennisclubsaintpriest.fr\/tcsp2\/wp-json\/wp\/v2\/media?parent=5286"}],"curies":[{"name":"wp","href":"https:\/\/api.w.org\/{rel}","templated":true}]}}